{"id":201,"date":"2017-04-21T08:33:30","date_gmt":"2017-04-21T08:33:30","guid":{"rendered":"http:\/\/demo2.steelthemes.com\/factoryhub\/?page_id=201"},"modified":"2024-08-06T04:28:14","modified_gmt":"2024-08-06T01:28:14","slug":"hakkimizda","status":"publish","type":"page","link":"https:\/\/esitnakliyat.com.tr\/index.php\/hakkimizda\/","title":{"rendered":"\u2013 HAKKIMIZDA"},"content":{"rendered":"<div class=\"wpb-content-wrapper\"><p>[vc_row css=&#8221;.vc_custom_1490605638354{padding-top: 80px !important;padding-bottom: 80px !important;}&#8221;][vc_column width=&#8221;1\/2&#8243;][vc_single_image image=&#8221;6779&#8243; img_size=&#8221;570&#215;330&#8243; css=&#8221;&#8221;][\/vc_column][vc_column width=&#8221;1\/2&#8243;][vc_column_text css=&#8221;&#8221;]<\/p>\n<div style=\"font-size: 20px; font-weight: 600; color: #222; font-family: 'Open Sans', sans-serif; margin-bottom: 20px;\">E\u015e\u0130T EVDEN EVE ASANS\u00d6RL\u00dc TA\u015eIMACILIK<\/div>\n<p style=\"margin-bottom: 10px;\">Ta\u015f\u0131nma s\u00fcrecinizi kolay, h\u0131zl\u0131 ve stressiz hale getirmeyi ama\u00e7l\u0131yoruz. Geli\u015fmi\u015f teknolojiler ve profesyonel ekibimizle, e\u015fyalar\u0131n\u0131z\u0131 g\u00fcvenle yeni evinize ta\u015f\u0131yoruz. Ta\u015f\u0131mac\u0131l\u0131kta kalite ve m\u00fc\u015fteri memnuniyeti konusunda sekt\u00f6rde \u00f6nc\u00fc bir firmay\u0131z.<\/p>\n<p>Ta\u015f\u0131nma s\u00fcrecinizi kolay, h\u0131zl\u0131 ve stressiz hale getirmeyi ama\u00e7l\u0131yoruz. Geli\u015fmi\u015f teknolojiler ve profesyonel ekibimizle, e\u015fyalar\u0131n\u0131z\u0131 g\u00fcvenle yeni evinize ta\u015f\u0131yoruz. Ta\u015f\u0131mac\u0131l\u0131kta kalite ve m\u00fc\u015fteri memnuniyeti konusunda sekt\u00f6rde \u00f6nc\u00fc bir firmay\u0131z.<\/p>\n<p class=\"text-center\" style=\"font-size: 20px; color: #393939; font-weight: 500;\"><strong>Hizmetlerimiz<\/strong><\/p>\n<p><strong>Evden Eve Ta\u015f\u0131mac\u0131l\u0131k:<\/strong> E\u015fyalar\u0131n\u0131z\u0131 eski evinizden yeni evinize g\u00fcvenle ta\u015f\u0131yoruz.<br \/>\n<strong>Asans\u00f6rl\u00fc Ta\u015f\u0131mac\u0131l\u0131k:<\/strong> Y\u00fcksek katl\u0131 binalarda asans\u00f6r sistemiyle h\u0131zl\u0131 ve g\u00fcvenli ta\u015f\u0131ma.<br \/>\n<strong>Ofis Ta\u015f\u0131mac\u0131l\u0131\u011f\u0131:<\/strong> Ofis e\u015fyalar\u0131n\u0131z\u0131 ve ekipmanlar\u0131n\u0131z\u0131 profesyonelce yeni adresinize ta\u015f\u0131yoruz.<br \/>\n<strong>Depolama Hizmetleri:<\/strong> E\u015fyalar\u0131n\u0131z\u0131 g\u00fcvenli ve hijyenik depolar\u0131m\u0131zda muhafaza ediyoruz.<br \/>\n<strong>Paketleme ve Ambalajlama:<\/strong> E\u015fyalar\u0131n\u0131z\u0131 \u00f6zenle paketleyip, hasar g\u00f6rmeden ta\u015f\u0131nmas\u0131n\u0131 sa\u011fl\u0131yoruz.[\/vc_column_text][\/vc_column][\/vc_row][vc_row][vc_column][vc_row_inner][vc_column_inner][vc_separator border_width=&#8221;10&#8243; css=&#8221;&#8221;][\/vc_column_inner][\/vc_row_inner][\/vc_column][\/vc_row]<\/p>\n<\/div>","protected":false},"excerpt":{"rendered":"<p>[vc_row css=&#8221;.vc_custom_1490605638354{padding-top: 80px !important;padding-bottom: 80px !important;}&#8221;][vc_column width=&#8221;1\/2&#8243;][vc_single_image image=&#8221;6779&#8243; img_size=&#8221;570&#215;330&#8243; css=&#8221;&#8221;][\/vc_column][vc_column width=&#8221;1\/2&#8243;][vc_column_text css=&#8221;&#8221;] E\u015e\u0130T EVDEN EVE ASANS\u00d6RL\u00dc TA\u015eIMACILIK Ta\u015f\u0131nma s\u00fcrecinizi kolay,&hellip;<\/p>\n","protected":false},"author":1,"featured_media":0,"parent":0,"menu_order":0,"comment_status":"closed","ping_status":"closed","template":"template-fullwidth.php","meta":{"footnotes":""},"class_list":["post-201","page","type-page","status-publish","hentry","no-thumb"],"aioseo_notices":[],"_links":{"self":[{"href":"https:\/\/esitnakliyat.com.tr\/index.php\/wp-json\/wp\/v2\/pages\/201","targetHints":{"allow":["GET"]}}],"collection":[{"href":"https:\/\/esitnakliyat.com.tr\/index.php\/wp-json\/wp\/v2\/pages"}],"about":[{"href":"https:\/\/esitnakliyat.com.tr\/index.php\/wp-json\/wp\/v2\/types\/page"}],"author":[{"embeddable":true,"href":"https:\/\/esitnakliyat.com.tr\/index.php\/wp-json\/wp\/v2\/users\/1"}],"replies":[{"embeddable":true,"href":"https:\/\/esitnakliyat.com.tr\/index.php\/wp-json\/wp\/v2\/comments?post=201"}],"version-history":[{"count":9,"href":"https:\/\/esitnakliyat.com.tr\/index.php\/wp-json\/wp\/v2\/pages\/201\/revisions"}],"predecessor-version":[{"id":7447,"href":"https:\/\/esitnakliyat.com.tr\/index.php\/wp-json\/wp\/v2\/pages\/201\/revisions\/7447"}],"wp:attachment":[{"href":"https:\/\/esitnakliyat.com.tr\/index.php\/wp-json\/wp\/v2\/media?parent=201"}],"curies":[{"name":"wp","href":"https:\/\/api.w.org\/{rel}","templated":true}]}}